{"id":320,"date":"2025-12-21T10:38:18","date_gmt":"2025-12-21T09:38:18","guid":{"rendered":"https:\/\/sion.beestk.com\/?page_id=320"},"modified":"2026-02-05T12:47:25","modified_gmt":"2026-02-05T11:47:25","slug":"contact","status":"publish","type":"page","link":"https:\/\/sion.beestk.com\/fr\/contact\/","title":{"rendered":"Contact"},"content":{"rendered":"\t\t<div data-elementor-type=\"wp-page\" data-elementor-id=\"320\" class=\"elementor elementor-320\" data-elementor-post-type=\"page\">\n\t\t\t\t<div class=\"elementor-element elementor-element-9d73ebe intro-page e-flex e-con-boxed e-con e-parent\" data-id=\"9d73ebe\" data-element_type=\"container\">\n\t\t\t\t\t<div class=\"e-con-inner\">\n\t\t\t\t<div class=\"elementor-element elementor-element-ad61a3f elementor-widget elementor-widget-text-editor\" data-id=\"ad61a3f\" data-element_type=\"widget\" data-widget_type=\"text-editor.default\">\n\t\t\t\t\t\t\t\t\t<p>Vous souhaitez poser une question, exposer une situation ou \u00eatre accompagn\u00e9 sur un dossier ?<\/p><p>Le cabinet Ya\u00ebl Sion &amp; ASSOCI\u00c9S vous r\u00e9pond avec attention et vous oriente vers l\u2019interlocuteur et le format les plus adapt\u00e9s \u00e0 votre besoin.<\/p>\t\t\t\t\t\t\t\t<\/div>\n\t\t\t\t\t<\/div>\n\t\t\t\t<\/div>\n\t\t<div class=\"elementor-element elementor-element-8287706 e-flex e-con-boxed e-con e-parent\" data-id=\"8287706\" data-element_type=\"container\">\n\t\t\t\t\t<div class=\"e-con-inner\">\n\t\t<div class=\"elementor-element elementor-element-683dd90 e-con-full e-flex e-con e-child\" data-id=\"683dd90\" data-element_type=\"container\">\n\t\t\t\t<div class=\"elementor-element elementor-element-177be82 elementor-button-align-center elementor-widget elementor-widget-form\" data-id=\"177be82\" data-element_type=\"widget\" data-settings=\"{&quot;step_next_label&quot;:&quot;Suivant&quot;,&quot;step_previous_label&quot;:&quot;Pr\\u00e9c\\u00e9dent&quot;,&quot;step_type&quot;:&quot;number_text&quot;,&quot;step_icon_shape&quot;:&quot;circle&quot;}\" data-widget_type=\"form.default\">\n\t\t\t\t\t\t\t<form class=\"elementor-form\" method=\"post\" name=\"Nouveau formulaire\" aria-label=\"Nouveau formulaire\">\n\t\t\t<input type=\"hidden\" name=\"post_id\" value=\"320\"\/>\n\t\t\t<input type=\"hidden\" name=\"form_id\" value=\"177be82\"\/>\n\t\t\t<input type=\"hidden\" name=\"referer_title\" value=\"Contact | Ya\u00ebl Sion &amp; ASSOCIATES law firm - Tax, Business &amp; Administrative Law\" \/>\n\n\t\t\t\t\t\t\t<input type=\"hidden\" name=\"queried_id\" value=\"320\"\/>\n\t\t\t\n\t\t\t<div class=\"elementor-form-fields-wrapper elementor-labels-\">\n\t\t\t\t\t\t\t\t<div class=\"elementor-field-type-text elementor-field-group elementor-column elementor-field-group-name elementor-col-100 elementor-field-required\">\n\t\t\t\t\t\t\t\t\t\t\t\t<label for=\"form-field-name\" class=\"elementor-field-label elementor-screen-only\">\n\t\t\t\t\t\t\t\tNom\t\t\t\t\t\t\t<\/label>\n\t\t\t\t\t\t\t\t\t\t\t\t\t\t<input size=\"1\" type=\"text\" name=\"form_fields[name]\" id=\"form-field-name\" class=\"elementor-field elementor-size-sm  elementor-field-textual\" placeholder=\"Nom\" required=\"required\">\n\t\t\t\t\t\t\t\t\t\t\t<\/div>\n\t\t\t\t\t\t\t\t<div class=\"elementor-field-type-email elementor-field-group elementor-column elementor-field-group-email elementor-col-100 elementor-field-required\">\n\t\t\t\t\t\t\t\t\t\t\t\t<label for=\"form-field-email\" class=\"elementor-field-label elementor-screen-only\">\n\t\t\t\t\t\t\t\tE-mail\t\t\t\t\t\t\t<\/label>\n\t\t\t\t\t\t\t\t\t\t\t\t\t\t<input size=\"1\" type=\"email\" name=\"form_fields[email]\" id=\"form-field-email\" class=\"elementor-field elementor-size-sm  elementor-field-textual\" placeholder=\"E-mail\" required=\"required\">\n\t\t\t\t\t\t\t\t\t\t\t<\/div>\n\t\t\t\t\t\t\t\t<div class=\"elementor-field-type-select elementor-field-group elementor-column elementor-field-group-field_69b2d5b elementor-col-100 elementor-field-required\">\n\t\t\t\t\t\t\t\t\t\t\t\t<label for=\"form-field-field_69b2d5b\" class=\"elementor-field-label elementor-screen-only\">\n\t\t\t\t\t\t\t\tObjet de la demande\t\t\t\t\t\t\t<\/label>\n\t\t\t\t\t\t\t\t<div class=\"elementor-field elementor-select-wrapper remove-before \">\n\t\t\t<div class=\"select-caret-down-wrapper\">\n\t\t\t\t<svg aria-hidden=\"true\" class=\"e-font-icon-svg e-eicon-caret-down\" viewBox=\"0 0 571.4 571.4\" xmlns=\"http:\/\/www.w3.org\/2000\/svg\"><path d=\"M571 393Q571 407 561 418L311 668Q300 679 286 679T261 668L11 418Q0 407 0 393T11 368 36 357H536Q550 357 561 368T571 393Z\"><\/path><\/svg>\t\t\t<\/div>\n\t\t\t<select name=\"form_fields[field_69b2d5b]\" id=\"form-field-field_69b2d5b\" class=\"elementor-field-textual elementor-size-sm\" required=\"required\">\n\t\t\t\t\t\t\t\t\t<option value=\"Droit fiscal et douanier\">Droit fiscal et douanier<\/option>\n\t\t\t\t\t\t\t\t\t<option value=\"Droit des entreprises en difficult\u00e9\">Droit des entreprises en difficult\u00e9<\/option>\n\t\t\t\t\t\t\t\t\t<option value=\"Droit des affaires\">Droit des affaires<\/option>\n\t\t\t\t\t\t\t\t\t<option value=\"Droit administratif\">Droit administratif<\/option>\n\t\t\t\t\t\t\t\t\t<option value=\"Coaching &amp; Conseil\">Coaching &amp; Conseil<\/option>\n\t\t\t\t\t\t\t\t\t<option value=\"Consultation en ligne\">Consultation en ligne<\/option>\n\t\t\t\t\t\t\t\t\t<option value=\"Autre\">Autre<\/option>\n\t\t\t\t\t\t\t<\/select>\n\t\t<\/div>\n\t\t\t\t\t\t<\/div>\n\t\t\t\t\t\t\t\t<div class=\"elementor-field-type-textarea elementor-field-group elementor-column elementor-field-group-message elementor-col-100 elementor-field-required\">\n\t\t\t\t\t\t\t\t\t\t\t\t<label for=\"form-field-message\" class=\"elementor-field-label elementor-screen-only\">\n\t\t\t\t\t\t\t\tMessage\t\t\t\t\t\t\t<\/label>\n\t\t\t\t\t\t<textarea class=\"elementor-field-textual elementor-field  elementor-size-sm\" name=\"form_fields[message]\" id=\"form-field-message\" rows=\"4\" placeholder=\"Message\" required=\"required\"><\/textarea>\t\t\t\t<\/div>\n\t\t\t\t\t\t\t\t<div class=\"elementor-field-type-acceptance elementor-field-group elementor-column elementor-field-group-field_3ee3f87 elementor-col-100 elementor-field-required\">\n\t\t\t\t\t\t\t<div class=\"elementor-field-subgroup\">\n\t\t\t<span class=\"elementor-field-option\">\n\t\t\t\t<input type=\"checkbox\" name=\"form_fields[field_3ee3f87]\" id=\"form-field-field_3ee3f87\" class=\"elementor-field elementor-size-sm  elementor-acceptance-field\" required=\"required\">\n\t\t\t\t<label for=\"form-field-field_3ee3f87\">En validant ce formulaire, j'accepte que les donn\u00e9es renseign\u00e9es soient enregistr\u00e9es par le Cabinet Ya\u00ebl Sion & ASSOCI\u00c9S pour le traitement de ma demande<\/label>\t\t\t<\/span>\n\t\t<\/div>\n\t\t\t\t\t\t<\/div>\n\t\t\t\t\t\t\t\t<div class=\"elementor-field-group elementor-column elementor-field-type-submit elementor-col-100 e-form__buttons\">\n\t\t\t\t\t<button class=\"elementor-button elementor-size-md\" type=\"submit\">\n\t\t\t\t\t\t<span class=\"elementor-button-content-wrapper\">\n\t\t\t\t\t\t\t\t\t\t\t\t\t\t\t\t\t\t\t\t\t\t<span class=\"elementor-button-text\">Envoyer<\/span>\n\t\t\t\t\t\t\t\t\t\t\t\t\t<\/span>\n\t\t\t\t\t<\/button>\n\t\t\t\t<\/div>\n\t\t\t<\/div>\n\t\t<\/form>\n\t\t\t\t\t\t<\/div>\n\t\t\t\t<\/div>\n\t\t\t\t\t<\/div>\n\t\t\t\t<\/div>\n\t\t<div class=\"elementor-element elementor-element-c7a2183 e-flex e-con-boxed e-con e-parent\" data-id=\"c7a2183\" data-element_type=\"container\">\n\t\t\t\t\t<div class=\"e-con-inner\">\n\t\t<div class=\"elementor-element elementor-element-af4e6f6 e-con-full e-flex e-con e-child\" data-id=\"af4e6f6\" data-element_type=\"container\">\n\t\t\t\t<div class=\"elementor-element elementor-element-e257f37 elementor-view-framed elementor-shape-circle elementor-position-block-start elementor-mobile-position-block-start elementor-widget elementor-widget-icon-box\" data-id=\"e257f37\" data-element_type=\"widget\" data-widget_type=\"icon-box.default\">\n\t\t\t\t\t\t\t<div class=\"elementor-icon-box-wrapper\">\n\n\t\t\t\t\t\t<div class=\"elementor-icon-box-icon\">\n\t\t\t\t<span  class=\"elementor-icon\">\n\t\t\t\t<svg aria-hidden=\"true\" class=\"e-font-icon-svg e-fas-phone-alt\" viewBox=\"0 0 512 512\" xmlns=\"http:\/\/www.w3.org\/2000\/svg\"><path d=\"M497.39 361.8l-112-48a24 24 0 0 0-28 6.9l-49.6 60.6A370.66 370.66 0 0 1 130.6 204.11l60.6-49.6a23.94 23.94 0 0 0 6.9-28l-48-112A24.16 24.16 0 0 0 122.6.61l-104 24A24 24 0 0 0 0 48c0 256.5 207.9 464 464 464a24 24 0 0 0 23.4-18.6l24-104a24.29 24.29 0 0 0-14.01-27.6z\"><\/path><\/svg>\t\t\t\t<\/span>\n\t\t\t<\/div>\n\t\t\t\n\t\t\t\t\t\t<div class=\"elementor-icon-box-content\">\n\n\t\t\t\t\t\t\t\t\t<span class=\"elementor-icon-box-title\">\n\t\t\t\t\t\t<span  >\n\t\t\t\t\t\t\t04 65 84 88 84\t\t\t\t\t\t<\/span>\n\t\t\t\t\t<\/span>\n\t\t\t\t\n\t\t\t\t\n\t\t\t<\/div>\n\t\t\t\n\t\t<\/div>\n\t\t\t\t\t\t<\/div>\n\t\t\t\t<\/div>\n\t\t<div class=\"elementor-element elementor-element-f05fcb8 e-con-full e-flex e-con e-child\" data-id=\"f05fcb8\" data-element_type=\"container\">\n\t\t\t\t<div class=\"elementor-element elementor-element-6ee3ca2 elementor-view-framed elementor-shape-circle elementor-position-block-start elementor-mobile-position-block-start elementor-widget elementor-widget-icon-box\" data-id=\"6ee3ca2\" data-element_type=\"widget\" data-widget_type=\"icon-box.default\">\n\t\t\t\t\t\t\t<div class=\"elementor-icon-box-wrapper\">\n\n\t\t\t\t\t\t<div class=\"elementor-icon-box-icon\">\n\t\t\t\t<span  class=\"elementor-icon\">\n\t\t\t\t<svg aria-hidden=\"true\" class=\"e-font-icon-svg e-fas-map-pin\" viewBox=\"0 0 288 512\" xmlns=\"http:\/\/www.w3.org\/2000\/svg\"><path d=\"M112 316.94v156.69l22.02 33.02c4.75 7.12 15.22 7.12 19.97 0L176 473.63V316.94c-10.39 1.92-21.06 3.06-32 3.06s-21.61-1.14-32-3.06zM144 0C64.47 0 0 64.47 0 144s64.47 144 144 144 144-64.47 144-144S223.53 0 144 0zm0 76c-37.5 0-68 30.5-68 68 0 6.62-5.38 12-12 12s-12-5.38-12-12c0-50.73 41.28-92 92-92 6.62 0 12 5.38 12 12s-5.38 12-12 12z\"><\/path><\/svg>\t\t\t\t<\/span>\n\t\t\t<\/div>\n\t\t\t\n\t\t\t\t\t\t<div class=\"elementor-icon-box-content\">\n\n\t\t\t\t\t\t\t\t\t<span class=\"elementor-icon-box-title\">\n\t\t\t\t\t\t<span  >\n\t\t\t\t\t\t\t565 av. du Prado<br>13009 Marseille\t\t\t\t\t\t<\/span>\n\t\t\t\t\t<\/span>\n\t\t\t\t\n\t\t\t\t\n\t\t\t<\/div>\n\t\t\t\n\t\t<\/div>\n\t\t\t\t\t\t<\/div>\n\t\t\t\t<\/div>\n\t\t<div class=\"elementor-element elementor-element-2ac843b e-con-full e-flex e-con e-child\" data-id=\"2ac843b\" data-element_type=\"container\">\n\t\t\t\t<div class=\"elementor-element elementor-element-b915c26 elementor-view-framed elementor-shape-circle elementor-position-block-start elementor-mobile-position-block-start elementor-widget elementor-widget-icon-box\" data-id=\"b915c26\" data-element_type=\"widget\" data-widget_type=\"icon-box.default\">\n\t\t\t\t\t\t\t<div class=\"elementor-icon-box-wrapper\">\n\n\t\t\t\t\t\t<div class=\"elementor-icon-box-icon\">\n\t\t\t\t<span  class=\"elementor-icon\">\n\t\t\t\t<svg aria-hidden=\"true\" class=\"e-font-icon-svg e-fas-envelope\" viewBox=\"0 0 512 512\" xmlns=\"http:\/\/www.w3.org\/2000\/svg\"><path d=\"M502.3 190.8c3.9-3.1 9.7-.2 9.7 4.7V400c0 26.5-21.5 48-48 48H48c-26.5 0-48-21.5-48-48V195.6c0-5 5.7-7.8 9.7-4.7 22.4 17.4 52.1 39.5 154.1 113.6 21.1 15.4 56.7 47.8 92.2 47.6 35.7.3 72-32.8 92.3-47.6 102-74.1 131.6-96.3 154-113.7zM256 320c23.2.4 56.6-29.2 73.4-41.4 132.7-96.3 142.8-104.7 173.4-128.7 5.8-4.5 9.2-11.5 9.2-18.9v-19c0-26.5-21.5-48-48-48H48C21.5 64 0 85.5 0 112v19c0 7.4 3.4 14.3 9.2 18.9 30.6 23.9 40.7 32.4 173.4 128.7 16.8 12.2 50.2 41.8 73.4 41.4z\"><\/path><\/svg>\t\t\t\t<\/span>\n\t\t\t<\/div>\n\t\t\t\n\t\t\t\t\t\t<div class=\"elementor-icon-box-content\">\n\n\t\t\t\t\t\t\t\t\t<span class=\"elementor-icon-box-title\">\n\t\t\t\t\t\t<span  >\n\t\t\t\t\t\t\tcontact@sion-avocat.fr\t\t\t\t\t\t<\/span>\n\t\t\t\t\t<\/span>\n\t\t\t\t\n\t\t\t\t\n\t\t\t<\/div>\n\t\t\t\n\t\t<\/div>\n\t\t\t\t\t\t<\/div>\n\t\t\t\t<\/div>\n\t\t\t\t\t<\/div>\n\t\t\t\t<\/div>\n\t\t<div class=\"elementor-element elementor-element-30cf916 e-con-full e-flex e-con e-parent\" data-id=\"30cf916\" data-element_type=\"container\">\n\t\t\t\t<div class=\"elementor-element elementor-element-0477daa elementor-widget elementor-widget-html\" data-id=\"0477daa\" data-element_type=\"widget\" data-widget_type=\"html.default\">\n\t\t\t\t\t <link rel=\"stylesheet\" href=\"https:\/\/unpkg.com\/leaflet@1.9.4\/dist\/leaflet.css\"\r\n     integrity=\"sha256-p4NxAoJBhIIN+hmNHrzRCf9tD\/miZyoHS5obTRR9BMY=\"\r\n     crossorigin=\"\"\/>\r\n    \r\n<script src=\"https:\/\/unpkg.com\/leaflet@1.9.4\/dist\/leaflet.js\"><\/script>\r\n<script src=\"https:\/\/unpkg.com\/leaflet-providers@1.0.13\/leaflet-providers.js\"><\/script>\r\n\r\n<div id=\"map\"><\/div>\r\n\r\n<script>\r\nvar map = L.map('map', {\r\n  scrollWheelZoom: false,\r\n  minZoom: 0,\r\n  maxZoom: 20\r\n}).setView([43.2626, 5.3769], 16);\r\n\r\nL.marker([43.2626, 5.3769]).addTo(map);\r\n\r\n\/\/ L.tileLayer.provider('Esri.WorldImagery').addTo(map);\r\nL.tileLayer.provider('CartoDB.Positron').addTo(map);\r\n<\/script>\r\n     \t\t\t\t<\/div>\n\t\t\t\t<\/div>\n\t\t\t\t<\/div>\n\t\t","protected":false},"excerpt":{"rendered":"<p>Vous souhaitez poser une question, exposer une situation ou \u00eatre accompagn\u00e9 sur un dossier ? Le cabinet Ya\u00ebl Sion &amp; ASSOCI\u00c9S vous r\u00e9pond avec attention et vous oriente vers l\u2019interlocuteur et le format les plus adapt\u00e9s \u00e0 votre besoin. 04 65 84 88 84 565 av. du Prado13009 Marseille contact@sion-avocat.fr<\/p>\n","protected":false},"author":3,"featured_media":0,"parent":0,"menu_order":0,"comment_status":"closed","ping_status":"closed","template":"","meta":{"_acf_changed":false,"footnotes":""},"class_list":["post-320","page","type-page","status-publish","hentry"],"acf":[],"yoast_head":"<!-- This site is optimized with the Yoast SEO plugin v26.8 - https:\/\/yoast.com\/product\/yoast-seo-wordpress\/ -->\n<title>Contact | Ya\u00ebl Sion &amp; ASSOCIATES law firm - Tax, Business &amp; Administrative Law<\/title>\n<meta name=\"description\" content=\"Contact Ya\u00ebl Sion &amp; ASSOCIATES to present your situation and receive tailored legal support in tax law, business law or administrative law.\" \/>\n<meta name=\"robots\" content=\"noindex, follow, max-snippet:-1, max-image-preview:large, max-video-preview:-1\" \/>\n<meta property=\"og:locale\" content=\"fr_FR\" \/>\n<meta property=\"og:type\" content=\"article\" \/>\n<meta property=\"og:title\" content=\"Contact | Ya\u00ebl Sion &amp; ASSOCIATES law firm - Tax, Business &amp; Administrative Law\" \/>\n<meta property=\"og:description\" content=\"Contact Ya\u00ebl Sion &amp; ASSOCIATES to present your situation and receive tailored legal support in tax law, business law or administrative law.\" \/>\n<meta property=\"og:url\" content=\"https:\/\/sion.beestk.com\/fr\/contact\/\" \/>\n<meta property=\"og:site_name\" content=\"Sion Avocat\" \/>\n<meta property=\"article:publisher\" content=\"https:\/\/maps.app.goo.gl\/wgFyjZZdY3JC98nZA\" \/>\n<meta property=\"article:modified_time\" content=\"2026-02-05T11:47:25+00:00\" \/>\n<meta name=\"twitter:card\" content=\"summary_large_image\" \/>\n<meta name=\"twitter:label1\" content=\"Dur\u00e9e de lecture estim\u00e9e\" \/>\n\t<meta name=\"twitter:data1\" content=\"1 minute\" \/>\n<script type=\"application\/ld+json\" class=\"yoast-schema-graph\">{\n\t    \"@context\": \"https:\/\/schema.org\",\n\t    \"@graph\": [\n\t        {\n\t            \"@type\": \"WebPage\",\n\t            \"@id\": \"https:\/\/sion.beestk.com\/fr\/contact\/\",\n\t            \"url\": \"https:\/\/sion.beestk.com\/fr\/contact\/\",\n\t            \"name\": \"Contact | Ya\u00ebl Sion & ASSOCIATES law firm - Tax, Business & Administrative Law\",\n\t            \"isPartOf\": {\n\t                \"@id\": \"https:\/\/sion.beestk.com\/fr\/#website\"\n\t            },\n\t            \"datePublished\": \"2025-12-21T09:38:18+00:00\",\n\t            \"dateModified\": \"2026-02-05T11:47:25+00:00\",\n\t            \"description\": \"Contact Ya\u00ebl Sion & ASSOCIATES to present your situation and receive tailored legal support in tax law, business law or administrative law.\",\n\t            \"breadcrumb\": {\n\t                \"@id\": \"https:\/\/sion.beestk.com\/fr\/contact\/#breadcrumb\"\n\t            },\n\t            \"inLanguage\": \"fr-FR\",\n\t            \"potentialAction\": [\n\t                {\n\t                    \"@type\": \"ReadAction\",\n\t                    \"target\": [\n\t                        \"https:\/\/sion.beestk.com\/fr\/contact\/\"\n\t                    ]\n\t                }\n\t            ]\n\t        },\n\t        {\n\t            \"@type\": \"BreadcrumbList\",\n\t            \"@id\": \"https:\/\/sion.beestk.com\/fr\/contact\/#breadcrumb\",\n\t            \"itemListElement\": [\n\t                {\n\t                    \"@type\": \"ListItem\",\n\t                    \"position\": 1,\n\t                    \"name\": \"Accueil\",\n\t                    \"item\": \"https:\/\/sion.beestk.com\/fr\/\"\n\t                },\n\t                {\n\t                    \"@type\": \"ListItem\",\n\t                    \"position\": 2,\n\t                    \"name\": \"Contact\"\n\t                }\n\t            ]\n\t        },\n\t        {\n\t            \"@type\": \"WebSite\",\n\t            \"@id\": \"https:\/\/sion.beestk.com\/fr\/#website\",\n\t            \"url\": \"https:\/\/sion.beestk.com\/fr\/\",\n\t            \"name\": \"Cabinet Ya\u00ebl Sion & ASSOCI\u00c9S\",\n\t            \"description\": \"\",\n\t            \"publisher\": {\n\t                \"@id\": \"https:\/\/sion.beestk.com\/fr\/#organization\"\n\t            },\n\t            \"potentialAction\": [\n\t                {\n\t                    \"@type\": \"SearchAction\",\n\t                    \"target\": {\n\t                        \"@type\": \"EntryPoint\",\n\t                        \"urlTemplate\": \"https:\/\/sion.beestk.com\/fr\/?s={search_term_string}\"\n\t                    },\n\t                    \"query-input\": {\n\t                        \"@type\": \"PropertyValueSpecification\",\n\t                        \"valueRequired\": true,\n\t                        \"valueName\": \"search_term_string\"\n\t                    }\n\t                }\n\t            ],\n\t            \"inLanguage\": \"fr-FR\"\n\t        },\n\t        {\n\t            \"@type\": [\n\t                \"Organization\",\n\t                \"LocalBusiness\",\n\t                \"LegalService\"\n\t            ],\n\t            \"@id\": \"https:\/\/sion.beestk.com\/fr\/#organization\",\n\t            \"name\": \"Cabinet Ya\u00ebl Sion & ASSOCI\u00c9S\",\n\t            \"url\": \"https:\/\/sion.beestk.com\/fr\/\",\n\t            \"logo\": {\n\t                \"@type\": \"ImageObject\",\n\t                \"inLanguage\": \"fr-FR\",\n\t                \"@id\": \"https:\/\/sion.beestk.com\/fr\/#\/schema\/logo\/image\/\",\n\t                \"url\": \"https:\/\/sion.beestk.com\/wp-content\/uploads\/2025\/12\/logo.png\",\n\t                \"contentUrl\": \"https:\/\/sion.beestk.com\/wp-content\/uploads\/2025\/12\/logo.png\",\n\t                \"width\": 150,\n\t                \"height\": 72,\n\t                \"caption\": \"Cabinet Ya\u00ebl Sion & ASSOCI\u00c9S\"\n\t            },\n\t            \"image\": {\n\t                \"@id\": \"https:\/\/sion.beestk.com\/fr\/#\/schema\/logo\/image\/\"\n\t            },\n\t            \"sameAs\": [\n\t                \"https:\/\/maps.app.goo.gl\/wgFyjZZdY3JC98nZA\",\n\t                \"https:\/\/www.linkedin.com\/in\/ya%C3%ABl-sion-0a18091b3\/\"\n\t            ],\n\t            \"telephone\": \"+33465848884\",\n\t            \"address\": {\n\t                \"@type\": \"PostalAddress\",\n\t                \"addressCountry\": \"FR\",\n\t                \"addressLocality\": \"Marseille\",\n\t                \"postalCode\": \"13008\",\n\t                \"streetAddress\": \"565 avenue du Prado\"\n\t            },\n\t            \"openingHours\": [\n\t                \"Mo-Th 09:00-19:00\",\n\t                \"Fr 09:00-16:00\"\n\t            ],\n\t            \"hasMap\": \"https:\/\/maps.app.goo.gl\/wgFyjZZdY3JC98nZA\",\n\t            \"founder\": [\n\t                {\n\t                    \"@type\": \"Person\",\n\t                    \"name\": \"Ya\u00ebl Sion\",\n\t                    \"jobTitle\": \"Avocat\",\n\t                    \"worksFor\": {\n\t                        \"@id\": \"https:\/\/sion.beestk.com\/fr\/#organization\"\n\t                    },\n\t                    \"sameAs\": [\n\t                        \"https:\/\/www.linkedin.com\/in\/ya%C3%ABl-sion-0a18091b3\/\"\n\t                    ]\n\t                }\n\t            ],\n\t            \"foundingDate\": \"2015\"\n\t        }\n\t    ]\n\t}<\/script>\n<!-- \/ Yoast SEO plugin. -->","yoast_head_json":{"title":"Contact | Ya\u00ebl Sion & ASSOCIATES law firm - Tax, Business & Administrative Law","description":"Contact Ya\u00ebl Sion & ASSOCIATES to present your situation and receive tailored legal support in tax law, business law or administrative law.","robots":{"index":"noindex","follow":"follow","max-snippet":"max-snippet:-1","max-image-preview":"max-image-preview:large","max-video-preview":"max-video-preview:-1"},"og_locale":"fr_FR","og_type":"article","og_title":"Contact | Ya\u00ebl Sion & ASSOCIATES law firm - Tax, Business & Administrative Law","og_description":"Contact Ya\u00ebl Sion & ASSOCIATES to present your situation and receive tailored legal support in tax law, business law or administrative law.","og_url":"https:\/\/sion.beestk.com\/fr\/contact\/","og_site_name":"Sion Avocat","article_publisher":"https:\/\/maps.app.goo.gl\/wgFyjZZdY3JC98nZA","article_modified_time":"2026-02-05T11:47:25+00:00","twitter_card":"summary_large_image","twitter_misc":{"Dur\u00e9e de lecture estim\u00e9e":"1 minute"},"schema":{"@context":"https:\/\/schema.org","@graph":[{"@type":"WebPage","@id":"https:\/\/sion.beestk.com\/fr\/contact\/","url":"https:\/\/sion.beestk.com\/fr\/contact\/","name":"Contact | Ya\u00ebl Sion & ASSOCIATES law firm - Tax, Business & Administrative Law","isPartOf":{"@id":"https:\/\/sion.beestk.com\/fr\/#website"},"datePublished":"2025-12-21T09:38:18+00:00","dateModified":"2026-02-05T11:47:25+00:00","description":"Contact Ya\u00ebl Sion & ASSOCIATES to present your situation and receive tailored legal support in tax law, business law or administrative law.","breadcrumb":{"@id":"https:\/\/sion.beestk.com\/fr\/contact\/#breadcrumb"},"inLanguage":"fr-FR","potentialAction":[{"@type":"ReadAction","target":["https:\/\/sion.beestk.com\/fr\/contact\/"]}]},{"@type":"BreadcrumbList","@id":"https:\/\/sion.beestk.com\/fr\/contact\/#breadcrumb","itemListElement":[{"@type":"ListItem","position":1,"name":"Accueil","item":"https:\/\/sion.beestk.com\/fr\/"},{"@type":"ListItem","position":2,"name":"Contact"}]},{"@type":"WebSite","@id":"https:\/\/sion.beestk.com\/fr\/#website","url":"https:\/\/sion.beestk.com\/fr\/","name":"Cabinet Ya\u00ebl Sion & ASSOCI\u00c9S","description":"","publisher":{"@id":"https:\/\/sion.beestk.com\/fr\/#organization"},"potentialAction":[{"@type":"SearchAction","target":{"@type":"EntryPoint","urlTemplate":"https:\/\/sion.beestk.com\/fr\/?s={search_term_string}"},"query-input":{"@type":"PropertyValueSpecification","valueRequired":true,"valueName":"search_term_string"}}],"inLanguage":"fr-FR"},{"@type":["Organization","LocalBusiness","LegalService"],"@id":"https:\/\/sion.beestk.com\/fr\/#organization","name":"Cabinet Ya\u00ebl Sion & ASSOCI\u00c9S","url":"https:\/\/sion.beestk.com\/fr\/","logo":{"@type":"ImageObject","inLanguage":"fr-FR","@id":"https:\/\/sion.beestk.com\/fr\/#\/schema\/logo\/image\/","url":"https:\/\/sion.beestk.com\/wp-content\/uploads\/2025\/12\/logo.png","contentUrl":"https:\/\/sion.beestk.com\/wp-content\/uploads\/2025\/12\/logo.png","width":150,"height":72,"caption":"Cabinet Ya\u00ebl Sion & ASSOCI\u00c9S"},"image":{"@id":"https:\/\/sion.beestk.com\/fr\/#\/schema\/logo\/image\/"},"sameAs":["https:\/\/maps.app.goo.gl\/wgFyjZZdY3JC98nZA","https:\/\/www.linkedin.com\/in\/ya%C3%ABl-sion-0a18091b3\/"],"telephone":"+33465848884","address":{"@type":"PostalAddress","addressCountry":"FR","addressLocality":"Marseille","postalCode":"13008","streetAddress":"565 avenue du Prado"},"openingHours":["Mo-Th 09:00-19:00","Fr 09:00-16:00"],"hasMap":"https:\/\/maps.app.goo.gl\/wgFyjZZdY3JC98nZA","founder":[{"@type":"Person","name":"Ya\u00ebl Sion","jobTitle":"Avocat","worksFor":{"@id":"https:\/\/sion.beestk.com\/fr\/#organization"},"sameAs":["https:\/\/www.linkedin.com\/in\/ya%C3%ABl-sion-0a18091b3\/"]}],"foundingDate":"2015"}]}},"_links":{"self":[{"href":"https:\/\/sion.beestk.com\/fr\/wp-json\/wp\/v2\/pages\/320","targetHints":{"allow":["GET"]}}],"collection":[{"href":"https:\/\/sion.beestk.com\/fr\/wp-json\/wp\/v2\/pages"}],"about":[{"href":"https:\/\/sion.beestk.com\/fr\/wp-json\/wp\/v2\/types\/page"}],"author":[{"embeddable":true,"href":"https:\/\/sion.beestk.com\/fr\/wp-json\/wp\/v2\/users\/3"}],"replies":[{"embeddable":true,"href":"https:\/\/sion.beestk.com\/fr\/wp-json\/wp\/v2\/comments?post=320"}],"version-history":[{"count":1,"href":"https:\/\/sion.beestk.com\/fr\/wp-json\/wp\/v2\/pages\/320\/revisions"}],"predecessor-version":[{"id":3234,"href":"https:\/\/sion.beestk.com\/fr\/wp-json\/wp\/v2\/pages\/320\/revisions\/3234"}],"wp:attachment":[{"href":"https:\/\/sion.beestk.com\/fr\/wp-json\/wp\/v2\/media?parent=320"}],"curies":[{"name":"wp","href":"https:\/\/api.w.org\/{rel}","templated":true}]}}