{"id":2726,"date":"2026-01-31T14:11:32","date_gmt":"2026-01-31T13:11:32","guid":{"rendered":"https:\/\/sion.beestk.com\/?page_id=2726"},"modified":"2026-02-05T12:47:25","modified_gmt":"2026-02-05T11:47:25","slug":"plan-du-site","status":"publish","type":"page","link":"https:\/\/sion.beestk.com\/fr\/plan-du-site\/","title":{"rendered":"Plan du site"},"content":{"rendered":"\t\t<div data-elementor-type=\"wp-page\" data-elementor-id=\"2726\" class=\"elementor elementor-2726\" data-elementor-post-type=\"page\">\n\t\t\t\t<div class=\"elementor-element elementor-element-75ad762 e-flex e-con-boxed e-con e-parent\" data-id=\"75ad762\" data-element_type=\"container\">\n\t\t\t\t\t<div class=\"e-con-inner\">\n\t\t\t\t<div class=\"elementor-element elementor-element-9d3c962 elementor-widget elementor-widget-sitemap\" data-id=\"9d3c962\" data-element_type=\"widget\" data-widget_type=\"sitemap.default\">\n\t\t\t\t\t<div class=\"elementor-sitemap-wrap\"><div class=\"elementor-sitemap-section\"><h2 class=\"elementor-sitemap-title elementor-sitemap-page-title\">Pages<\/h2><ul class=\"elementor-sitemap-list elementor-sitemap-page-list\"><li class=\"elementor-sitemap-item elementor-sitemap-item-page page_item page-item-3\"><a href=\"https:\/\/sion.beestk.com\/fr\/politique-de-confidentialite\/\">Politique de confidentialit\u00e9<\/a><\/li><li class=\"elementor-sitemap-item elementor-sitemap-item-page page_item page-item-284\"><a href=\"https:\/\/sion.beestk.com\/fr\/le-cabinet\/\">Le Cabinet Sion Avocat<\/a><\/li><li class=\"elementor-sitemap-item elementor-sitemap-item-page page_item page-item-286\"><a href=\"https:\/\/sion.beestk.com\/fr\/nos-expertises\/\">Nos Expertises<\/a><\/li><li class=\"elementor-sitemap-item elementor-sitemap-item-page page_item page-item-1054\"><a href=\"https:\/\/sion.beestk.com\/fr\/nos-services\/\">Nos services<\/a><\/li><li class=\"elementor-sitemap-item elementor-sitemap-item-page page_item page-item-288\"><a href=\"https:\/\/sion.beestk.com\/fr\/nos-expertises\/droit-fiscal-douanier\/\">Droit fiscal &amp; douanier<\/a><\/li><li class=\"elementor-sitemap-item elementor-sitemap-item-page page_item page-item-290\"><a href=\"https:\/\/sion.beestk.com\/fr\/nos-expertises\/droit-fiscal-douanier\/redressement-fiscal\/\">Redressement fiscal : avocat \u00e0 Marseille pour contester, n\u00e9gocier et s\u00e9curiser votre dossier<\/a><\/li><li class=\"elementor-sitemap-item elementor-sitemap-item-page page_item page-item-294\"><a href=\"https:\/\/sion.beestk.com\/fr\/nos-expertises\/droit-fiscal-douanier\/controle-fiscal\/\">Avocat en contr\u00f4le fiscal : accompagnement des entreprises avant, pendant et apr\u00e8s la v\u00e9rification<\/a><\/li><li class=\"elementor-sitemap-item elementor-sitemap-item-page page_item page-item-296\"><a href=\"https:\/\/sion.beestk.com\/fr\/nos-expertises\/droit-des-entreprises-en-difficulte\/\">Droit des entreprises en difficult\u00e9<\/a><\/li><li class=\"elementor-sitemap-item elementor-sitemap-item-page page_item page-item-298\"><a href=\"https:\/\/sion.beestk.com\/fr\/nos-expertises\/droit-des-entreprises-en-difficulte\/mandat-ad-hoc-conciliation\/\">Mandat ad hoc &amp; conciliation : agir vite pour prot\u00e9ger votre entreprise<\/a><\/li><li class=\"elementor-sitemap-item elementor-sitemap-item-page page_item page-item-300\"><a href=\"https:\/\/sion.beestk.com\/fr\/nos-expertises\/droit-des-entreprises-en-difficulte\/redressement-judiciaire\/\">Redressement judiciaire : avocat pour prot\u00e9ger votre entreprise et organiser la poursuite de l\u2019activit\u00e9<\/a><\/li><li class=\"elementor-sitemap-item elementor-sitemap-item-page page_item page-item-302\"><a href=\"https:\/\/sion.beestk.com\/fr\/nos-expertises\/droit-des-entreprises-en-difficulte\/liquidation-judiciaire\/\">Liquidation judiciaire : \u00eatre accompagn\u00e9 pour prot\u00e9ger l\u2019entreprise et le dirigeant<\/a><\/li><li class=\"elementor-sitemap-item elementor-sitemap-item-page page_item page-item-304\"><a href=\"https:\/\/sion.beestk.com\/fr\/nos-expertises\/droit-des-entreprises-en-difficulte\/rachat-cession-dentreprise-en-difficulte\/\">Rachat et cession d\u2019entreprise en difficult\u00e9 : offre de reprise, plan de cession, vente encadr\u00e9e<\/a><\/li><li class=\"elementor-sitemap-item elementor-sitemap-item-page page_item page-item-306\"><a href=\"https:\/\/sion.beestk.com\/fr\/nos-expertises\/droit-des-affaires\/\">Droit des affaires<\/a><\/li><li class=\"elementor-sitemap-item elementor-sitemap-item-page page_item page-item-308\"><a href=\"https:\/\/sion.beestk.com\/fr\/nos-expertises\/droit-administratif\/\">Avocat en droit administratif : d\u00e9fendre vos droits face \u00e0 l\u2019administration<\/a><\/li><li class=\"elementor-sitemap-item elementor-sitemap-item-page page_item page-item-310\"><a href=\"https:\/\/sion.beestk.com\/fr\/nos-services\/coaching-conseil\/\">Coaching &amp; Conseil<\/a><\/li><li class=\"elementor-sitemap-item elementor-sitemap-item-page page_item page-item-312\"><a href=\"https:\/\/sion.beestk.com\/fr\/nos-services\/e-avocat-consultation-en-ligne\/\">E-Avocat \/ Consultation en ligne<\/a><\/li><li class=\"elementor-sitemap-item elementor-sitemap-item-page page_item page-item-318\"><a href=\"https:\/\/sion.beestk.com\/fr\/honoraires\/\">Honoraires du Cabinet Ya\u00ebl Sion &amp; ASSOCI\u00c9S<\/a><\/li><li class=\"elementor-sitemap-item elementor-sitemap-item-page page_item page-item-320\"><a href=\"https:\/\/sion.beestk.com\/fr\/contact\/\">Contact<\/a><\/li><li class=\"elementor-sitemap-item elementor-sitemap-item-page page_item page-item-625\"><a href=\"https:\/\/sion.beestk.com\/fr\/nos-expertises\/droit-des-affaires\/droit-des-societes\/\">Droit des soci\u00e9t\u00e9s : structurer, gouverner et s\u00e9curiser votre entreprise<\/a><\/li><li class=\"elementor-sitemap-item elementor-sitemap-item-page page_item page-item-628\"><a href=\"https:\/\/sion.beestk.com\/fr\/nos-expertises\/droit-des-affaires\/cession-dentreprise\/\">Cession d\u2019entreprise : s\u00e9curiser la vente (fonds de commerce, titres, PME)<\/a><\/li><li class=\"elementor-sitemap-item elementor-sitemap-item-page page_item page-item-2425\"><a href=\"https:\/\/sion.beestk.com\/fr\/politique-de-cookies\/\">Politique de cookies<\/a><\/li><li class=\"elementor-sitemap-item elementor-sitemap-item-page page_item page-item-137\"><a href=\"https:\/\/sion.beestk.com\/fr\/\">Accueil<\/a><\/li><li class=\"elementor-sitemap-item elementor-sitemap-item-page page_item page-item-731\"><a href=\"https:\/\/sion.beestk.com\/fr\/mentions-legales\/\">Mentions l\u00e9gales<\/a><\/li><\/ul><\/div><div class=\"elementor-sitemap-section\"><h2 class=\"elementor-sitemap-title elementor-sitemap-category-title\">Cat\u00e9gories<\/h2><ul class=\"elementor-sitemap-list elementor-sitemap-category-list\">\t<li class=\"elementor-sitemap-item elementor-sitemap-item-category cat-item cat-item-31\"><a href=\"https:\/\/sion.beestk.com\/fr\/ressources\/\">Ressources<\/a>\n<\/li>\n\t<li class=\"elementor-sitemap-item elementor-sitemap-item-category cat-item cat-item-8\"><a href=\"https:\/\/sion.beestk.com\/fr\/ressources\/actualites-juridiques\/mandataire-immobilier\/\">Mandataire immobilier<\/a>\n<\/li>\n\t<li class=\"elementor-sitemap-item elementor-sitemap-item-category cat-item cat-item-6\"><a href=\"https:\/\/sion.beestk.com\/fr\/ressources\/actualites-juridiques\/droit-fiscal-et-douanier\/\">Droit fiscal et douanier<\/a>\n<\/li>\n\t<li class=\"elementor-sitemap-item elementor-sitemap-item-category cat-item cat-item-7\"><a href=\"https:\/\/sion.beestk.com\/fr\/ressources\/actualites-juridiques\/droit-des-entreprises-en-difficulte\/\">Droit des entreprises en difficult\u00e9<\/a>\n<\/li>\n\t<li class=\"elementor-sitemap-item elementor-sitemap-item-category cat-item cat-item-9\"><a href=\"https:\/\/sion.beestk.com\/fr\/ressources\/actualites-juridiques\/droit-administratif\/\">Droit administratif<\/a>\n<\/li>\n\t<li class=\"elementor-sitemap-item elementor-sitemap-item-category cat-item cat-item-3\"><a href=\"https:\/\/sion.beestk.com\/fr\/ressources\/business-cases\/\">Business Cases<\/a>\n<\/li>\n\t<li class=\"elementor-sitemap-item elementor-sitemap-item-category cat-item cat-item-2\"><a href=\"https:\/\/sion.beestk.com\/fr\/ressources\/actualites-juridiques\/\">Actualit\u00e9s juridiques<\/a>\n<\/li>\n<\/ul><\/div><div class=\"elementor-sitemap-section\"><h2 class=\"elementor-sitemap-title elementor-sitemap-post-title\">Articles<\/h2><ul class=\"elementor-sitemap-list elementor-sitemap-post-list\"><li class=\"elementor-sitemap-item elementor-sitemap-item-post page_item page-item-970\"><a href=\"https:\/\/sion.beestk.com\/fr\/optimisation-fiscale-des-entreprises\/\">Optimisation fiscale des entreprises : d\u00e9finition, leviers l\u00e9gaux et limites<\/a><\/li><li class=\"elementor-sitemap-item elementor-sitemap-item-post page_item page-item-87\"><a href=\"https:\/\/sion.beestk.com\/fr\/les-signes-declencheurs-controle-fiscal-entreprise\/\">Quels sont les signes qui peuvent d\u00e9clencher un contr\u00f4le fiscal ?<\/a><\/li><li class=\"elementor-sitemap-item elementor-sitemap-item-post page_item page-item-84\"><a href=\"https:\/\/sion.beestk.com\/fr\/peut-on-eviter-un-controle-fiscal\/\">Peut-on \u00e9viter un contr\u00f4le fiscal ? Mythes et r\u00e9alit\u00e9s<\/a><\/li><li class=\"elementor-sitemap-item elementor-sitemap-item-post page_item page-item-81\"><a href=\"https:\/\/sion.beestk.com\/fr\/reussir-rachat-entreprise-en-difficulte\/\">Comment r\u00e9ussir le rachat d\u2019une entreprise en difficult\u00e9 ? Guide pratique<\/a><\/li><li class=\"elementor-sitemap-item elementor-sitemap-item-post page_item page-item-78\"><a href=\"https:\/\/sion.beestk.com\/fr\/droit-administratif-definition\/\">Comprendre le droit administratif : d\u00e9finition, principes et enjeux<\/a><\/li><li class=\"elementor-sitemap-item elementor-sitemap-item-post page_item page-item-75\"><a href=\"https:\/\/sion.beestk.com\/fr\/delai-reponse-droit-administratif-delai-recours\/\">Le d\u00e9lai de r\u00e9ponse en droit administratif : comprendre et respecter les d\u00e9lais de recours<\/a><\/li><li class=\"elementor-sitemap-item elementor-sitemap-item-post page_item page-item-72\"><a href=\"https:\/\/sion.beestk.com\/fr\/acheter-residence-principale-holding-sci\/\">Faut-il acheter sa r\u00e9sidence principale avec une holding ou une SCI ?<\/a><\/li><li class=\"elementor-sitemap-item elementor-sitemap-item-post page_item page-item-69\"><a href=\"https:\/\/sion.beestk.com\/fr\/avocat-fiscaliste-ou-expert-comptable-que-choisir\/\">Avocat fiscaliste ou expert-comptable : quel choix pour votre entreprise ?<\/a><\/li><li class=\"elementor-sitemap-item elementor-sitemap-item-post page_item page-item-66\"><a href=\"https:\/\/sion.beestk.com\/fr\/avocat-fusion-acquisition\/\">Le r\u00f4le de l&rsquo;avocat en fusion-acquisition : Conseils et strat\u00e9gies juridiques<\/a><\/li><li class=\"elementor-sitemap-item elementor-sitemap-item-post page_item page-item-63\"><a href=\"https:\/\/sion.beestk.com\/fr\/droit-des-affaires-marseille\/\">Droit des affaires \u00e0 Marseille : guide complet pour les entreprises<\/a><\/li><li class=\"elementor-sitemap-item elementor-sitemap-item-post page_item page-item-60\"><a href=\"https:\/\/sion.beestk.com\/fr\/trouver-un-avocat-droit-immobilier-marseille\/\">Pourquoi faire appel \u00e0 un avocat en droit immobilier \u00e0 Marseille ?<\/a><\/li><li class=\"elementor-sitemap-item elementor-sitemap-item-post page_item page-item-57\"><a href=\"https:\/\/sion.beestk.com\/fr\/qu-est-ce-que-le-droit-public\/\">Le droit public : d\u00e9finition, branches et contentieux li\u00e9s au droit administratif<\/a><\/li><li class=\"elementor-sitemap-item elementor-sitemap-item-post page_item page-item-54\"><a href=\"https:\/\/sion.beestk.com\/fr\/pourquoi-avoir-recours-avocat-droit-public\/\">Quand faire appel \u00e0 un avocat en droit public ?<\/a><\/li><li class=\"elementor-sitemap-item elementor-sitemap-item-post page_item page-item-51\"><a href=\"https:\/\/sion.beestk.com\/fr\/tout-savoir-controle-fiscal-entreprise\/\">Contr\u00f4le fiscal en entreprise : ce qu\u2019il faut savoir pour s\u2019y pr\u00e9parer sereinement<\/a><\/li><li class=\"elementor-sitemap-item elementor-sitemap-item-post page_item page-item-48\"><a href=\"https:\/\/sion.beestk.com\/fr\/qu-est-ce-que-droit-erreur-matiere-fiscale\/\">Qu\u2019est-ce que le droit \u00e0 l\u2019erreur en mati\u00e8re fiscale ?<\/a><\/li><li class=\"elementor-sitemap-item elementor-sitemap-item-post page_item page-item-46\"><a href=\"https:\/\/sion.beestk.com\/fr\/avocat-mandataire-immobilier\/\">Avocat mandataire immobilier<\/a><\/li><li class=\"elementor-sitemap-item elementor-sitemap-item-post page_item page-item-43\"><a href=\"https:\/\/sion.beestk.com\/fr\/qu-est-ce-que-pacte-dutreil-transmission-entreprise-familiale\/\">Qu\u2019est-ce que le pacte Dutreil pour la transmission d\u2019une entreprise familiale ?<\/a><\/li><li class=\"elementor-sitemap-item elementor-sitemap-item-post page_item page-item-40\"><a href=\"https:\/\/sion.beestk.com\/fr\/qu-est-ce-qu-une-tup-transmission-universelle-patrimoine\/\">Qu\u2019est-ce qu\u2019une TUP (transmission universelle de patrimoine) ?<\/a><\/li><li class=\"elementor-sitemap-item elementor-sitemap-item-post page_item page-item-37\"><a href=\"https:\/\/sion.beestk.com\/fr\/qu-est-ce-que-fiscalite-energetique-entreprise\/\">Qu&rsquo;est-ce que la fiscalit\u00e9 \u00e9nerg\u00e9tique en entreprise ?<\/a><\/li><li class=\"elementor-sitemap-item elementor-sitemap-item-post page_item page-item-34\"><a href=\"https:\/\/sion.beestk.com\/fr\/quelle-est-la-fiscalite-crypto-monnaies-france\/\">Quelle est la fiscalit\u00e9 des crypto-monnaies en France ?<\/a><\/li><li class=\"elementor-sitemap-item elementor-sitemap-item-post page_item page-item-31\"><a href=\"https:\/\/sion.beestk.com\/fr\/qu-est-ce-qu-un-redressement-fiscal\/\">Qu\u2019est-ce qu\u2019un redressement fiscal ?<\/a><\/li><li class=\"elementor-sitemap-item elementor-sitemap-item-post page_item page-item-11\"><a href=\"https:\/\/sion.beestk.com\/fr\/conciliation-dans-les-interets-d-un-etablissement-de-restauration\/\">Business Case &#8211; Conciliation dans les int\u00e9r\u00eats d\u2019un \u00e9tablissement de restauration<\/a><\/li><li class=\"elementor-sitemap-item elementor-sitemap-item-post page_item page-item-28\"><a href=\"https:\/\/sion.beestk.com\/fr\/qu-est-ce-qu-un-lbo-leverage-buy-out\/\">Qu\u2019est-ce qu\u2019un LBO ?<\/a><\/li><li class=\"elementor-sitemap-item elementor-sitemap-item-post page_item page-item-25\"><a href=\"https:\/\/sion.beestk.com\/fr\/pourquoi-creer-une-holding\/\">Pourquoi cr\u00e9er une holding ?<\/a><\/li><li class=\"elementor-sitemap-item elementor-sitemap-item-post page_item page-item-22\"><a href=\"https:\/\/sion.beestk.com\/fr\/comment-gerer-une-entreprise-quand-elle-est-en-difficulte\/\">Comment g\u00e9rer une entreprise en difficult\u00e9 ?<\/a><\/li><li class=\"elementor-sitemap-item elementor-sitemap-item-post page_item page-item-19\"><a href=\"https:\/\/sion.beestk.com\/fr\/comment-choisir-avocat-fiscaliste\/\">Comment choisir son avocat fiscaliste ?<\/a><\/li><li class=\"elementor-sitemap-item elementor-sitemap-item-post page_item page-item-16\"><a href=\"https:\/\/sion.beestk.com\/fr\/qu-est-ce-qu-un-avocat-fiscaliste\/\">Qu&rsquo;est-ce qu&rsquo;un avocat fiscaliste ?<\/a><\/li><li class=\"elementor-sitemap-item elementor-sitemap-item-post page_item page-item-9\"><a href=\"https:\/\/sion.beestk.com\/fr\/affaire-sur-le-redressement-fiscal\/\">Affaire sur le redressement fiscal<\/a><\/li><li class=\"elementor-sitemap-item elementor-sitemap-item-post page_item page-item-6\"><a href=\"https:\/\/sion.beestk.com\/fr\/affaire-sur-la-fermeture-administrative\/\">Affaire sur la fermeture administrative<\/a><\/li><\/ul><\/div><\/div>\t\t\t\t<\/div>\n\t\t\t\t<div class=\"elementor-element elementor-element-62ea61c elementor-widget elementor-widget-heading\" data-id=\"62ea61c\" data-element_type=\"widget\" data-widget_type=\"heading.default\">\n\t\t\t\t\t<h2 class=\"elementor-heading-title elementor-size-default\">Vid\u00e9os<\/h2>\t\t\t\t<\/div>\n\t\t\t\t<div class=\"elementor-element elementor-element-e03795d elementor-widget elementor-widget-heading\" data-id=\"e03795d\" data-element_type=\"widget\" data-widget_type=\"heading.default\">\n\t\t\t\t\t<p class=\"elementor-heading-title elementor-size-default\"><a href=\"\/fr\/videos\/\">Nos vid\u00e9os<\/a><\/p>\t\t\t\t<\/div>\n\t\t\t\t\t<\/div>\n\t\t\t\t<\/div>\n\t\t\t\t<\/div>\n\t\t","protected":false},"excerpt":{"rendered":"<p>Vid\u00e9os Nos vid\u00e9os<\/p>\n","protected":false},"author":3,"featured_media":0,"parent":0,"menu_order":0,"comment_status":"closed","ping_status":"closed","template":"","meta":{"_acf_changed":false,"footnotes":""},"class_list":["post-2726","page","type-page","status-publish","hentry"],"acf":[],"yoast_head":"<!-- This site is optimized with the Yoast SEO plugin v26.8 - https:\/\/yoast.com\/product\/yoast-seo-wordpress\/ -->\n<title>Plan du site - Sion Avocat<\/title>\n<meta name=\"robots\" content=\"noindex, follow, max-snippet:-1, max-image-preview:large, max-video-preview:-1\" \/>\n<meta property=\"og:locale\" content=\"fr_FR\" \/>\n<meta property=\"og:type\" content=\"article\" \/>\n<meta property=\"og:title\" content=\"Plan du site - Sion Avocat\" \/>\n<meta property=\"og:description\" content=\"Vid\u00e9os Nos vid\u00e9os\" \/>\n<meta property=\"og:url\" content=\"https:\/\/sion.beestk.com\/fr\/plan-du-site\/\" \/>\n<meta property=\"og:site_name\" content=\"Sion Avocat\" \/>\n<meta property=\"article:publisher\" content=\"https:\/\/maps.app.goo.gl\/wgFyjZZdY3JC98nZA\" \/>\n<meta property=\"article:modified_time\" content=\"2026-02-05T11:47:25+00:00\" \/>\n<meta name=\"twitter:card\" content=\"summary_large_image\" \/>\n<meta name=\"twitter:label1\" content=\"Dur\u00e9e de lecture estim\u00e9e\" \/>\n\t<meta name=\"twitter:data1\" content=\"3 minutes\" \/>\n<script type=\"application\/ld+json\" class=\"yoast-schema-graph\">{\n\t    \"@context\": \"https:\/\/schema.org\",\n\t    \"@graph\": [\n\t        {\n\t            \"@type\": \"WebPage\",\n\t            \"@id\": \"https:\/\/sion.beestk.com\/fr\/plan-du-site\/\",\n\t            \"url\": \"https:\/\/sion.beestk.com\/fr\/plan-du-site\/\",\n\t            \"name\": \"Plan du site - Sion Avocat\",\n\t            \"isPartOf\": {\n\t                \"@id\": \"https:\/\/sion.beestk.com\/fr\/#website\"\n\t            },\n\t            \"datePublished\": \"2026-01-31T13:11:32+00:00\",\n\t            \"dateModified\": \"2026-02-05T11:47:25+00:00\",\n\t            \"breadcrumb\": {\n\t                \"@id\": \"https:\/\/sion.beestk.com\/fr\/plan-du-site\/#breadcrumb\"\n\t            },\n\t            \"inLanguage\": \"fr-FR\",\n\t            \"potentialAction\": [\n\t                {\n\t                    \"@type\": \"ReadAction\",\n\t                    \"target\": [\n\t                        \"https:\/\/sion.beestk.com\/fr\/plan-du-site\/\"\n\t                    ]\n\t                }\n\t            ]\n\t        },\n\t        {\n\t            \"@type\": \"BreadcrumbList\",\n\t            \"@id\": \"https:\/\/sion.beestk.com\/fr\/plan-du-site\/#breadcrumb\",\n\t            \"itemListElement\": [\n\t                {\n\t                    \"@type\": \"ListItem\",\n\t                    \"position\": 1,\n\t                    \"name\": \"Accueil\",\n\t                    \"item\": \"https:\/\/sion.beestk.com\/fr\/\"\n\t                },\n\t                {\n\t                    \"@type\": \"ListItem\",\n\t                    \"position\": 2,\n\t                    \"name\": \"Plan du site\"\n\t                }\n\t            ]\n\t        },\n\t        {\n\t            \"@type\": \"WebSite\",\n\t            \"@id\": \"https:\/\/sion.beestk.com\/fr\/#website\",\n\t            \"url\": \"https:\/\/sion.beestk.com\/fr\/\",\n\t            \"name\": \"Cabinet Ya\u00ebl Sion & ASSOCI\u00c9S\",\n\t            \"description\": \"\",\n\t            \"publisher\": {\n\t                \"@id\": \"https:\/\/sion.beestk.com\/fr\/#organization\"\n\t            },\n\t            \"potentialAction\": [\n\t                {\n\t                    \"@type\": \"SearchAction\",\n\t                    \"target\": {\n\t                        \"@type\": \"EntryPoint\",\n\t                        \"urlTemplate\": \"https:\/\/sion.beestk.com\/fr\/?s={search_term_string}\"\n\t                    },\n\t                    \"query-input\": {\n\t                        \"@type\": \"PropertyValueSpecification\",\n\t                        \"valueRequired\": true,\n\t                        \"valueName\": \"search_term_string\"\n\t                    }\n\t                }\n\t            ],\n\t            \"inLanguage\": \"fr-FR\"\n\t        },\n\t        {\n\t            \"@type\": [\n\t                \"Organization\",\n\t                \"LocalBusiness\",\n\t                \"LegalService\"\n\t            ],\n\t            \"@id\": \"https:\/\/sion.beestk.com\/fr\/#organization\",\n\t            \"name\": \"Cabinet Ya\u00ebl Sion & ASSOCI\u00c9S\",\n\t            \"url\": \"https:\/\/sion.beestk.com\/fr\/\",\n\t            \"logo\": {\n\t                \"@type\": \"ImageObject\",\n\t                \"inLanguage\": \"fr-FR\",\n\t                \"@id\": \"https:\/\/sion.beestk.com\/fr\/#\/schema\/logo\/image\/\",\n\t                \"url\": \"https:\/\/sion.beestk.com\/wp-content\/uploads\/2025\/12\/logo.png\",\n\t                \"contentUrl\": \"https:\/\/sion.beestk.com\/wp-content\/uploads\/2025\/12\/logo.png\",\n\t                \"width\": 150,\n\t                \"height\": 72,\n\t                \"caption\": \"Cabinet Ya\u00ebl Sion & ASSOCI\u00c9S\"\n\t            },\n\t            \"image\": {\n\t                \"@id\": \"https:\/\/sion.beestk.com\/fr\/#\/schema\/logo\/image\/\"\n\t            },\n\t            \"sameAs\": [\n\t                \"https:\/\/maps.app.goo.gl\/wgFyjZZdY3JC98nZA\",\n\t                \"https:\/\/www.linkedin.com\/in\/ya%C3%ABl-sion-0a18091b3\/\"\n\t            ],\n\t            \"telephone\": \"+33465848884\",\n\t            \"address\": {\n\t                \"@type\": \"PostalAddress\",\n\t                \"addressCountry\": \"FR\",\n\t                \"addressLocality\": \"Marseille\",\n\t                \"postalCode\": \"13008\",\n\t                \"streetAddress\": \"565 avenue du Prado\"\n\t            },\n\t            \"openingHours\": [\n\t                \"Mo-Th 09:00-19:00\",\n\t                \"Fr 09:00-16:00\"\n\t            ],\n\t            \"hasMap\": \"https:\/\/maps.app.goo.gl\/wgFyjZZdY3JC98nZA\",\n\t            \"founder\": [\n\t                {\n\t                    \"@type\": \"Person\",\n\t                    \"name\": \"Ya\u00ebl Sion\",\n\t                    \"jobTitle\": \"Avocat\",\n\t                    \"worksFor\": {\n\t                        \"@id\": \"https:\/\/sion.beestk.com\/fr\/#organization\"\n\t                    },\n\t                    \"sameAs\": [\n\t                        \"https:\/\/www.linkedin.com\/in\/ya%C3%ABl-sion-0a18091b3\/\"\n\t                    ]\n\t                }\n\t            ],\n\t            \"foundingDate\": \"2015\"\n\t        }\n\t    ]\n\t}<\/script>\n<!-- \/ Yoast SEO plugin. -->","yoast_head_json":{"title":"Plan du site - Sion Avocat","robots":{"index":"noindex","follow":"follow","max-snippet":"max-snippet:-1","max-image-preview":"max-image-preview:large","max-video-preview":"max-video-preview:-1"},"og_locale":"fr_FR","og_type":"article","og_title":"Plan du site - Sion Avocat","og_description":"Vid\u00e9os Nos vid\u00e9os","og_url":"https:\/\/sion.beestk.com\/fr\/plan-du-site\/","og_site_name":"Sion Avocat","article_publisher":"https:\/\/maps.app.goo.gl\/wgFyjZZdY3JC98nZA","article_modified_time":"2026-02-05T11:47:25+00:00","twitter_card":"summary_large_image","twitter_misc":{"Dur\u00e9e de lecture estim\u00e9e":"3 minutes"},"schema":{"@context":"https:\/\/schema.org","@graph":[{"@type":"WebPage","@id":"https:\/\/sion.beestk.com\/fr\/plan-du-site\/","url":"https:\/\/sion.beestk.com\/fr\/plan-du-site\/","name":"Plan du site - Sion Avocat","isPartOf":{"@id":"https:\/\/sion.beestk.com\/fr\/#website"},"datePublished":"2026-01-31T13:11:32+00:00","dateModified":"2026-02-05T11:47:25+00:00","breadcrumb":{"@id":"https:\/\/sion.beestk.com\/fr\/plan-du-site\/#breadcrumb"},"inLanguage":"fr-FR","potentialAction":[{"@type":"ReadAction","target":["https:\/\/sion.beestk.com\/fr\/plan-du-site\/"]}]},{"@type":"BreadcrumbList","@id":"https:\/\/sion.beestk.com\/fr\/plan-du-site\/#breadcrumb","itemListElement":[{"@type":"ListItem","position":1,"name":"Accueil","item":"https:\/\/sion.beestk.com\/fr\/"},{"@type":"ListItem","position":2,"name":"Plan du site"}]},{"@type":"WebSite","@id":"https:\/\/sion.beestk.com\/fr\/#website","url":"https:\/\/sion.beestk.com\/fr\/","name":"Cabinet Ya\u00ebl Sion & ASSOCI\u00c9S","description":"","publisher":{"@id":"https:\/\/sion.beestk.com\/fr\/#organization"},"potentialAction":[{"@type":"SearchAction","target":{"@type":"EntryPoint","urlTemplate":"https:\/\/sion.beestk.com\/fr\/?s={search_term_string}"},"query-input":{"@type":"PropertyValueSpecification","valueRequired":true,"valueName":"search_term_string"}}],"inLanguage":"fr-FR"},{"@type":["Organization","LocalBusiness","LegalService"],"@id":"https:\/\/sion.beestk.com\/fr\/#organization","name":"Cabinet Ya\u00ebl Sion & ASSOCI\u00c9S","url":"https:\/\/sion.beestk.com\/fr\/","logo":{"@type":"ImageObject","inLanguage":"fr-FR","@id":"https:\/\/sion.beestk.com\/fr\/#\/schema\/logo\/image\/","url":"https:\/\/sion.beestk.com\/wp-content\/uploads\/2025\/12\/logo.png","contentUrl":"https:\/\/sion.beestk.com\/wp-content\/uploads\/2025\/12\/logo.png","width":150,"height":72,"caption":"Cabinet Ya\u00ebl Sion & ASSOCI\u00c9S"},"image":{"@id":"https:\/\/sion.beestk.com\/fr\/#\/schema\/logo\/image\/"},"sameAs":["https:\/\/maps.app.goo.gl\/wgFyjZZdY3JC98nZA","https:\/\/www.linkedin.com\/in\/ya%C3%ABl-sion-0a18091b3\/"],"telephone":"+33465848884","address":{"@type":"PostalAddress","addressCountry":"FR","addressLocality":"Marseille","postalCode":"13008","streetAddress":"565 avenue du Prado"},"openingHours":["Mo-Th 09:00-19:00","Fr 09:00-16:00"],"hasMap":"https:\/\/maps.app.goo.gl\/wgFyjZZdY3JC98nZA","founder":[{"@type":"Person","name":"Ya\u00ebl Sion","jobTitle":"Avocat","worksFor":{"@id":"https:\/\/sion.beestk.com\/fr\/#organization"},"sameAs":["https:\/\/www.linkedin.com\/in\/ya%C3%ABl-sion-0a18091b3\/"]}],"foundingDate":"2015"}]}},"_links":{"self":[{"href":"https:\/\/sion.beestk.com\/fr\/wp-json\/wp\/v2\/pages\/2726","targetHints":{"allow":["GET"]}}],"collection":[{"href":"https:\/\/sion.beestk.com\/fr\/wp-json\/wp\/v2\/pages"}],"about":[{"href":"https:\/\/sion.beestk.com\/fr\/wp-json\/wp\/v2\/types\/page"}],"author":[{"embeddable":true,"href":"https:\/\/sion.beestk.com\/fr\/wp-json\/wp\/v2\/users\/3"}],"replies":[{"embeddable":true,"href":"https:\/\/sion.beestk.com\/fr\/wp-json\/wp\/v2\/comments?post=2726"}],"version-history":[{"count":1,"href":"https:\/\/sion.beestk.com\/fr\/wp-json\/wp\/v2\/pages\/2726\/revisions"}],"predecessor-version":[{"id":3245,"href":"https:\/\/sion.beestk.com\/fr\/wp-json\/wp\/v2\/pages\/2726\/revisions\/3245"}],"wp:attachment":[{"href":"https:\/\/sion.beestk.com\/fr\/wp-json\/wp\/v2\/media?parent=2726"}],"curies":[{"name":"wp","href":"https:\/\/api.w.org\/{rel}","templated":true}]}}